{"id":1035,"date":"2017-09-16T14:08:35","date_gmt":"2017-09-16T12:08:35","guid":{"rendered":"http:\/\/maarlas.ba\/?page_id=5"},"modified":"2017-09-16T14:08:35","modified_gmt":"2017-09-16T12:08:35","slug":"o-nama","status":"publish","type":"page","link":"https:\/\/maarlas.cyor24.business\/index.php\/o-nama\/","title":{"rendered":"O nama"},"content":{"rendered":"<p>Postoji vrijeme koje trebamo samo za sebe. U Maarlas Spa &#038; Beauty centru ono ima posebnu vrijednost. Analize ra\u0111ene na globalnom nivou pokazuju rapidni porast kori\u0161tenja neinvazivnih estetskih usluga i mi smo tu da Vam ponudimo iste uz individualan pristup i koncept.<\/p>\n<p>Maarlas Spa &#038; Beauty je Reviderm specijalisti\u010dki centar koji je razvio cjelovit pristup njegi ko\u017ee lica i predstavlja jedinstven princip na ovim prostorima kojim se svakoj ko\u017ei pristupa individualno i u kojem kroz nekoliko koraka dolazimo do optimalnih rezultata za svaku indikaciju ko\u017ee. Reviderm je dermo kozmetika koja uskla\u0111uje inovativnu znanost sa snagama prirode kako bi se postigao najvi\u0161i kvalitet. Samo posebno odabrani i potvr\u0111eni aktivni agensi uvr\u0161tavaju se u njihove inovativne formulacije.<\/p>\n<p>Ako ipak \u017eelite osjetiti djelovanje estetsko-medicinskih tretmana koji dosta intenzivnije djeluju na Va\u0161u ko\u017eu, za Vas \u0107emo odabrati Mesoestetic hemijske pilinge i mezokoktele kao i Revitacare biorevitaliziraju\u0107e i mezoterapijske tretmane. Za manje estetske korekcije i popunjavanje borica za Vas smo odabrali najbolje svjetske brendove filera, Juvederm i Stylage.<\/p>\n<p>Maarlas Spa &#038; Beauty centar prvi je dermo-kozmeti\u010dki centar u Bosni i Hercegovini s Thalgo konceptom. Kod nas mo\u017eete u\u017eivati u svim blagodatima tradicionalne kozmetike s Azurne obale, udi\u0161u\u0107i mirise mora smje\u0161tene u \u010dudnovate bo\u010dice i na trenutak biti dio pri\u010de s crvenog tepiha u Cannesu, u \u010dijoj blizini i  nastaju magije Thalgo kozmetike.<\/p>\n<p>Nismo tu samo da uljep\u0161avamo Va\u0161e lice, nego i tijelo pri \u010demu nam je najve\u0107i saveznik vi\u0161ekratno nagra\u0111ivani ure\u0111aj za oblikovanje tijela Med2Contour.<\/p>\n<p>Za Vas smo pomno odabrali vrhunske medicinsko-kozmeti\u010dke aparate i najbolje dermo-kozmeti\u010dke preparate. Stru\u010dnost osoblja s vi\u0161egodi\u0161njim iskustvom Vam pru\u017ea sigurnost, a individualan pristup i sistemati\u010dno odre\u0111ijivanje putanje tretmana garancija su za postizanje optimalnih rezultata.<\/p>\n<p>Maarlas Spa &#038; Beauty centar nalazi se na zanimljivoj lokaciji izme\u0111u Sarajeva i Ilid\u017ee, okru\u017een zelenilom i pristupa\u010dan kako za one koji dolaze iz centra grada tako i za one s Ilid\u017ee. Za posjetioce iz drugih gradova bitno je ista\u0107i da se nalazimo pri ulazu u grad te ne morate gubiti vrijeme na gradske gu\u017eve i tra\u017eenje parkinga koji Vam je kod nas svakako obezbije\u0111en.<\/p>\n<p>Mo\u017eete li na trenutak zastati i zamisliti svoj idealan kutak ispunjen ljepotom, ugodom, zadovoljstvom i opu\u0161tanjem? Nemojte zami\u0161ljati! Do\u017eivite!<\/p>\n<p>Dobro nam do\u0161li, Va\u0161 Maarlas Spa &#038; Beauty team<\/p>\n","protected":false},"excerpt":{"rendered":"<p>Postoji vrijeme koje trebamo samo za sebe. U Maarlas Spa &#038; Beauty centru ono ima posebnu vrijednost. Analize ra\u0111ene na globalnom nivou pokazuju rapidni porast kori\u0161tenja neinvazivnih estetskih usluga i mi smo tu da Vam ponudimo iste uz individualan pristup i koncept. Maarlas Spa &#038; Beauty je Reviderm specijalisti\u010dki centar koji je razvio cjelovit pristup [&hellip;]<\/p>\n","protected":false},"author":1,"featured_media":0,"parent":0,"menu_order":0,"comment_status":"closed","ping_status":"closed","template":"","meta":{"footnotes":""},"class_list":["post-1035","page","type-page","status-publish","hentry"],"_links":{"self":[{"href":"https:\/\/maarlas.cyor24.business\/index.php\/wp-json\/wp\/v2\/pages\/1035","targetHints":{"allow":["GET"]}}],"collection":[{"href":"https:\/\/maarlas.cyor24.business\/index.php\/wp-json\/wp\/v2\/pages"}],"about":[{"href":"https:\/\/maarlas.cyor24.business\/index.php\/wp-json\/wp\/v2\/types\/page"}],"author":[{"embeddable":true,"href":"https:\/\/maarlas.cyor24.business\/index.php\/wp-json\/wp\/v2\/users\/1"}],"replies":[{"embeddable":true,"href":"https:\/\/maarlas.cyor24.business\/index.php\/wp-json\/wp\/v2\/comments?post=1035"}],"version-history":[{"count":0,"href":"https:\/\/maarlas.cyor24.business\/index.php\/wp-json\/wp\/v2\/pages\/1035\/revisions"}],"wp:attachment":[{"href":"https:\/\/maarlas.cyor24.business\/index.php\/wp-json\/wp\/v2\/media?parent=1035"}],"curies":[{"name":"wp","href":"https:\/\/api.w.org\/{rel}","templated":true}]}}