{"id":1037,"date":"2017-09-16T14:13:16","date_gmt":"2017-09-16T12:13:16","guid":{"rendered":"http:\/\/maarlas.ba\/?page_id=9"},"modified":"2017-09-16T14:13:16","modified_gmt":"2017-09-16T12:13:16","slug":"reviderm-mikrodermoabrazija","status":"publish","type":"page","link":"https:\/\/maarlas.cyor24.business\/index.php\/reviderm-mikrodermoabrazija\/","title":{"rendered":"Reviderm Mikrodermoabrazija"},"content":{"rendered":"<div style=\"float: left;\" class=\"col-md-6\"><strong>Skin Peeler New Generation + Ultrazvuk<\/strong><\/p>\n<p>Mikrodermoabrazija je jedan od naj\u010de\u0161\u0107e izvo\u0111enih tretmana u svijetu. Primjenjuje se kada se \u017eeli regenerirati ko\u017ea, ali i kod problema akni, o\u017eiljaka od akni, bora, hiperpigmentacija, keratoza. Tretman mikrodermoabrazije uz pomo\u0107 Skin Peeler New Generation plus Ultrasound najbolje je rje\u0161enje za sve navedene probleme.<\/p>\n<p>Ovo je nje\u017ena, bezbolna metoda bez rizika od alergija i o\u017eiljaka, metoda kojom mo\u017eemo regulirati do kojeg stupnja i koliko agresivno \u017eelimo pristupiti tretmanu. Reviderm Skin Peeler pomo\u0107u toka kristala aluminijevog oksida, nje\u017eno i bezbolno, na kontroliran na\u010din, odstranjuje gornji sloj ko\u017ee. Nakon ovog ciljanog uklanjanja mrtvih stanica, stimulira se sna\u017ean rast novih ko\u017enih stanica u bazalnom sloju ko\u017ee. Nove stanice potom migriraju u gornje slojeve, postupno obnavljaju\u0107i o\u0161te\u0107eno tkivo.<\/p><\/div>\n<div style=\"float: left; margin-bottom: 30px;\" class=\"col-md-6\"> <img decoding=\"async\" src=\"https:\/\/maarlas.cyor24.business\/wp-content\/uploads\/2017\/09\/MG_8535.jpg\" width=\"100%\" \/> <\/div>\n<p>Tretmani \u0107e savr\u0161eno osvje\u017eiti i regenerirati zrelu ko\u017eu, umanjiti bore, ubla\u017eiti hiperpigmentacije te joj vratiti zdrav i njegovan izgled. Nakon mikrodermoabrazije Va\u0161a ko\u017ea je optimalno pripremljena za dermo-kozmeti\u010dke proizvode: Visoko u\u010dinkoviti aktivni sastojci prodiru duboko u va\u0161e najni\u017ee slojeve ko\u017ee. Oni poti\u010du va\u0161e tkivo da proizvodi kolagen i elastin &#8211; va\u0161a se ko\u017ea regenerira.<\/p>\n<p>Dokazani uspjeh: Odmah nakon tretmana, va\u0161a ko\u017ea je mnogo \u010dvr\u0161\u0107a, glatka i finija. Bore su omek\u0161ane &#8211; za mladena\u010dki i svje\u017e izgled<\/p>\n<p><strong>U\u010dinci i karakterisitke mikrodermoabrazije:<\/strong><\/p>\n<ul>\n<li>Mehani\u010dke metode kontroliranog bru\u0161enja ko\u017ee<\/li>\n<li>Individualan piling ko\u017ee<\/li>\n<li>Stimulira proizvodnju novih \u0107elija<\/li>\n<li>Optimizira diobu stanica<\/li>\n<li>Pove\u0107ava u\u010dinkovitost aktivnih sastojaka krema<\/li>\n<li>Za sve vrste pilinga (blago, srednje, duboko)<\/li>\n<li>Sa sve vrste problema sa ko\u017eom od hiperkeratoze do o\u017eiljaka<\/li>\n<li>Zamjenjuje sve ostale vrste pilinga<\/li>\n<li>Stimulira diobu stanica<\/li>\n<li>Pove\u0107ava prodiranje aktivnih sastojaka<\/li>\n<\/ul>\n<p><strong>Kada koristiti Reviderm Mikrodermoabraziju?<\/strong><\/p>\n<ul>\n<li>Prije svakog tretmana i kod generalnog obnavljanja ko\u017ee<\/li>\n<li>Kod hiperkeratoze<\/li>\n<li>Atrofije<\/li>\n<li>Kod ko\u017ee o\u0161te\u0107ene svjetlo\u0161\u0107u i suncem<\/li>\n<li>Kod poreme\u0107aja pigmenta i kod stara\u010dkih fleka<\/li>\n<li>Kod ne\u010diste i aknozne ko\u017ee<\/li>\n<li>Za tretmane tijela sa strijama, razvu\u010denom ko\u017eom i celulitom<\/li>\n<li>Za o\u017eiljke na licu i tijelu<\/li>\n<\/ul>\n<p>Oznake: Mikrodermoabrazija ,ljepota i zdravlje, maarlas sarajevo, salon ljepote, akne, regeneracija ko\u017ee<\/p>\n","protected":false},"excerpt":{"rendered":"<p>Skin Peeler New Generation + Ultrazvuk Mikrodermoabrazija je jedan od naj\u010de\u0161\u0107e izvo\u0111enih tretmana u svijetu. Primjenjuje se kada se \u017eeli regenerirati ko\u017ea, ali i kod problema akni, o\u017eiljaka od akni, bora, hiperpigmentacija, keratoza. Tretman mikrodermoabrazije uz pomo\u0107 Skin Peeler New Generation plus Ultrasound najbolje je rje\u0161enje za sve navedene probleme. Ovo je nje\u017ena, bezbolna metoda [&hellip;]<\/p>\n","protected":false},"author":1,"featured_media":0,"parent":0,"menu_order":0,"comment_status":"closed","ping_status":"closed","template":"page-REVIDERM.php","meta":{"footnotes":""},"class_list":["post-1037","page","type-page","status-publish","hentry"],"_links":{"self":[{"href":"https:\/\/maarlas.cyor24.business\/index.php\/wp-json\/wp\/v2\/pages\/1037","targetHints":{"allow":["GET"]}}],"collection":[{"href":"https:\/\/maarlas.cyor24.business\/index.php\/wp-json\/wp\/v2\/pages"}],"about":[{"href":"https:\/\/maarlas.cyor24.business\/index.php\/wp-json\/wp\/v2\/types\/page"}],"author":[{"embeddable":true,"href":"https:\/\/maarlas.cyor24.business\/index.php\/wp-json\/wp\/v2\/users\/1"}],"replies":[{"embeddable":true,"href":"https:\/\/maarlas.cyor24.business\/index.php\/wp-json\/wp\/v2\/comments?post=1037"}],"version-history":[{"count":0,"href":"https:\/\/maarlas.cyor24.business\/index.php\/wp-json\/wp\/v2\/pages\/1037\/revisions"}],"wp:attachment":[{"href":"https:\/\/maarlas.cyor24.business\/index.php\/wp-json\/wp\/v2\/media?parent=1037"}],"curies":[{"name":"wp","href":"https:\/\/api.w.org\/{rel}","templated":true}]}}