{"id":106,"date":"2017-09-17T07:02:26","date_gmt":"2017-09-17T05:02:26","guid":{"rendered":"http:\/\/maarlas.ba\/?page_id=106"},"modified":"2017-09-17T07:02:26","modified_gmt":"2017-09-17T05:02:26","slug":"thalgo","status":"publish","type":"page","link":"https:\/\/maarlas.cyor24.business\/index.php\/thalgo\/","title":{"rendered":"Thalgo"},"content":{"rendered":"<div style=\"float: left; margin-top: 15px;\" class=\"col-md-6\">Thalgov centar za istra\u017eivanje sara\u0111uje sa renomiranim fikolozima i neprikosnoveni je predvodnik sa vi\u0161e od 50 utvr\u0111enih morskih esenci, koje su izdvojene i koncentrisane u ekskluzivnim sastojcima Thalgovih proizvoda.<\/p>\n<p>Proizvodi stvoreni u Thalgovim laboratorijama su izra\u0111eni u skladu sa strogim standardima, predstavljaju pravi koncentrat morske efektivnosti, nude\u0107i krajnje \u010dulno iskustvo, profesionalnu nadmo\u0107 i izuzetnost svojim korisnicima.<\/p>\n<p>Izuzetna posve\u0107enost prirodi je duboko ukorjenjena u DNK brenda i reflektuje se na sve faze Thalgovog razvoja za bezbjednu ljepotu i ljep\u0161u prirodu, \u010dime se Thalgo pozicionirao kao svjetski lider u profesionalnoj Marine kozmetici. O tome svjedo\u010di \u010dinjenica da su sve nove formule bez parabena, mineralnih ulja, propilen glikola, GMO i sastojaka \u017eivotinjskog porijekla.<\/p>\n<p>Thalgov patent \u2013 Mikronizirane morske alge \u2013 zahvaljuju\u0107i visokoj koncentraciji joda dokazano poma\u017eu u procesima detoksikacije, drena\u017ee i sagorjevanja masnog tkiva kao i remineralizaciji i pobolj\u0161anju op\u0161teg stanja organizma.<\/p>\n<p>Thalgo kozmetika na bazi morskih algi ekstraktima je potpuno prirodna za ljude, jer je ljudski serum gotovo identi\u010dan onom morske vode. Minerali sadr\u017eani u algama, elementi u tragovima i vitamini se lako se upijaju u ko\u017eu zbog svoje prirodnosti.<\/p>\n<p>Thalgo koncepti su razvijeni kako bi za\u0161titili, oja\u010dati i pobolj\u0161ali ko\u017eu i i izvukli na povr\u0161inu njenu izvornu ljepotu.<\/p><\/div>\n<p>Oznake: thalgo, thalgo sarajevo, ljepota i zdravlje, detoksikacija, maarlas sarajevo, salon ljepote<\/p>\n<div style=\"float: left;\" class=\"col-md-6\"> <img decoding=\"async\" style=\"margin-bottom: 10px;\" width=\"100%\" src=\"https:\/\/maarlas.cyor24.business\/wp-content\/uploads\/2017\/09\/MG_7069.jpg\"><\/p>\n","protected":false},"excerpt":{"rendered":"<p>Thalgov centar za istra\u017eivanje sara\u0111uje sa renomiranim fikolozima i neprikosnoveni je predvodnik sa vi\u0161e od 50 utvr\u0111enih morskih esenci, koje su izdvojene i koncentrisane u ekskluzivnim sastojcima Thalgovih proizvoda. Proizvodi stvoreni u Thalgovim laboratorijama su izra\u0111eni u skladu sa strogim standardima, predstavljaju pravi koncentrat morske efektivnosti, nude\u0107i krajnje \u010dulno iskustvo, profesionalnu nadmo\u0107 i izuzetnost svojim [&hellip;]<\/p>\n","protected":false},"author":1,"featured_media":0,"parent":0,"menu_order":0,"comment_status":"closed","ping_status":"closed","template":"","meta":{"footnotes":""},"class_list":["post-106","page","type-page","status-publish","hentry"],"_links":{"self":[{"href":"https:\/\/maarlas.cyor24.business\/index.php\/wp-json\/wp\/v2\/pages\/106","targetHints":{"allow":["GET"]}}],"collection":[{"href":"https:\/\/maarlas.cyor24.business\/index.php\/wp-json\/wp\/v2\/pages"}],"about":[{"href":"https:\/\/maarlas.cyor24.business\/index.php\/wp-json\/wp\/v2\/types\/page"}],"author":[{"embeddable":true,"href":"https:\/\/maarlas.cyor24.business\/index.php\/wp-json\/wp\/v2\/users\/1"}],"replies":[{"embeddable":true,"href":"https:\/\/maarlas.cyor24.business\/index.php\/wp-json\/wp\/v2\/comments?post=106"}],"version-history":[{"count":0,"href":"https:\/\/maarlas.cyor24.business\/index.php\/wp-json\/wp\/v2\/pages\/106\/revisions"}],"wp:attachment":[{"href":"https:\/\/maarlas.cyor24.business\/index.php\/wp-json\/wp\/v2\/media?parent=106"}],"curies":[{"name":"wp","href":"https:\/\/api.w.org\/{rel}","templated":true}]}}