{"id":159,"date":"2017-09-17T21:10:32","date_gmt":"2017-09-17T19:10:32","guid":{"rendered":"http:\/\/maarlas.ba\/?page_id=159"},"modified":"2017-09-17T21:10:32","modified_gmt":"2017-09-17T19:10:32","slug":"uklanjanjeskupljanje-kapilara","status":"publish","type":"page","link":"https:\/\/maarlas.cyor24.business\/index.php\/uklanjanjeskupljanje-kapilara\/","title":{"rendered":"Uklanjanje\/skupljanje kapilara"},"content":{"rendered":"<p><strong>Neinvazivno zatvaranje kapilara<\/strong><\/p>\n<p>Lightwave omogu\u0107uje zatvaranje kapilara tako \u0161to svjetlost koju emitira sonda utje\u010de na crvenu boju. Tako\u0111er je mogu\u0107e zatvoriti kapilare koji su u plavoj ili plavo-ljubi\u010dastoj boji. Ovo je progresivna procedura za zatvaranje kapilara na licu i tijelu.<\/p>\n<p>Neinvazivno, bezbolno i ne izaziva iritaciju. Prosje\u010dan broj tretmana ovisi o pojedina\u010dnom slu\u010daju 3-5, ponavljano svakih 5-7 dana.<\/p>\n<p>Va\u017eno je da ko\u017ea prije tretmana nije osun\u010dana, jer se smanjuje efikasnost i pove\u0107ava rizik ne\u017eeljenih reakcija na ko\u017ei. Potrebno je izbjegavati izlaganje suncu 6 sedmica prije tretmana.<\/p>\n<p>Ko\u017ea nakon tretmana bude blago crvena i ponekad blago ote\u010dena u narednih nekoliko sati, obi\u010dno dva do tri a najvi\u0161e 24 sata. Nakon tretmana potrebno je izbjegavati nano\u0161enje hemijskih supstanci direktno na ko\u017eu (kreme, dezodoransi, parfemi, kozmeti\u010dke maske), prati ko\u017eu samo blagim sapunom i mehani\u010dki ne iritirati tretirano podru\u010dje 24 sata. Tako\u0111e, nakon tretmana, veoma je va\u017eno ne izlagati se sun\u010devim zracima i ne odlaziti u solarij. Ko\u017ea se mo\u017ee prekriti \u0161minkom nakon 24sata poslije tretmana. Strogo se zabranjuje izlaganje suncu mjesec dana nakon tretmana, potrebno je koristiti kreme sa za\u0161titnim faktorima kako bi se sprije\u010dila pojava hiperpigmentacije.<br \/>\nOdmah nakon tretmana mo\u017ee se nastaviti sa svakodnevnim aktivnostima.<\/p>\n<p>Tretman se ne preporu\u010duje osobama sa infekcijama na mjestu tretmana i trudnicama.<\/p>\n<p>Oznake: Uklanjanje kapilara, skupljanje ,ljepota i zdravlje, maarlas sarajevo, salon ljepote,<\/p>\n","protected":false},"excerpt":{"rendered":"<p>Neinvazivno zatvaranje kapilara Lightwave omogu\u0107uje zatvaranje kapilara tako \u0161to svjetlost koju emitira sonda utje\u010de na crvenu boju. Tako\u0111er je mogu\u0107e zatvoriti kapilare koji su u plavoj ili plavo-ljubi\u010dastoj boji. Ovo je progresivna procedura za zatvaranje kapilara na licu i tijelu. Neinvazivno, bezbolno i ne izaziva iritaciju. Prosje\u010dan broj tretmana ovisi o pojedina\u010dnom slu\u010daju 3-5, ponavljano [&hellip;]<\/p>\n","protected":false},"author":1,"featured_media":0,"parent":0,"menu_order":0,"comment_status":"closed","ping_status":"closed","template":"","meta":{"footnotes":""},"class_list":["post-159","page","type-page","status-publish","hentry"],"_links":{"self":[{"href":"https:\/\/maarlas.cyor24.business\/index.php\/wp-json\/wp\/v2\/pages\/159","targetHints":{"allow":["GET"]}}],"collection":[{"href":"https:\/\/maarlas.cyor24.business\/index.php\/wp-json\/wp\/v2\/pages"}],"about":[{"href":"https:\/\/maarlas.cyor24.business\/index.php\/wp-json\/wp\/v2\/types\/page"}],"author":[{"embeddable":true,"href":"https:\/\/maarlas.cyor24.business\/index.php\/wp-json\/wp\/v2\/users\/1"}],"replies":[{"embeddable":true,"href":"https:\/\/maarlas.cyor24.business\/index.php\/wp-json\/wp\/v2\/comments?post=159"}],"version-history":[{"count":0,"href":"https:\/\/maarlas.cyor24.business\/index.php\/wp-json\/wp\/v2\/pages\/159\/revisions"}],"wp:attachment":[{"href":"https:\/\/maarlas.cyor24.business\/index.php\/wp-json\/wp\/v2\/media?parent=159"}],"curies":[{"name":"wp","href":"https:\/\/api.w.org\/{rel}","templated":true}]}}