{"id":161,"date":"2017-09-17T21:10:49","date_gmt":"2017-09-17T19:10:49","guid":{"rendered":"http:\/\/maarlas.ba\/?page_id=161"},"modified":"2017-09-17T21:10:49","modified_gmt":"2017-09-17T19:10:49","slug":"fotopomladivanje","status":"publish","type":"page","link":"https:\/\/maarlas.cyor24.business\/index.php\/fotopomladivanje\/","title":{"rendered":"Fotopomla\u0111ivanje"},"content":{"rendered":"<p><strong>Fotopomla\u0111ivanje sa Cerri IPL Lightwave Advanced<\/strong> zasnovano je na biostimulaciji tkiva koje se revitalizira i tonizira, te se stimuliraju vlakna kolagena i elastina. To dovodi do zagla\u0111ivanja i u\u010dvr\u0161\u0107ivanja ko\u017ee te pobolj\u0161anja izgleda. Vra\u0107a zdravi ton ko\u017ee i pospje\u0161uje ujedna\u010denje boje ko\u017ee. Ko\u017ea postaje elasti\u010dna a bore se smanjuju. IPL tretmani za pomla\u0111ivanje tako\u0111er se preporu\u010duju za ko\u017eu ruku. Mo\u017ee se koristiti kako kod starijih tako i kod mla\u0111ih osoba u preventivne svrhe.<\/p>\n<p>Namjenjeno za osobe koje su u potrazi za zdravijim i mla\u0111im izgledom ko\u017ee lica, a koje su strpljive da postepeno sti\u010du sve bolje rezultate, kao i osobe koje bi se te\u0161ko odlu\u010dile da pristupe hirur\u0161kim metodama a \u017eele da se podmlade.<\/p>\n<p><strong>Prednosti foto pomla\u0111ivanja:<\/strong><\/p>\n<p>Tretmani pobolj\u0161avaju ton ko\u017ee, smanjuju kapilare, smanjuju eritem, ujedna\u010duju boju ko\u017ee,<br \/>\nregeneriraju ko\u017eu, poti\u010du obnovu stanica, depigmentiraju, poma\u017eu izlje\u010denju akni.<\/p>\n<p>Efekti su vidljivi ve\u0107 poslije drugog tretmana i konstantno se pobolj\u0161avaju sa svakim novim tretmanom. U narednih par mjeseci stanje se svakim danom pobolj\u0161ava. Nakon tretmana kolagen se regeneri\u0161e i stanje hidriranosti i tonusa ko\u017ee postaje sve bolje. Ko\u017ea postaje zategnutija, elasti\u010dnija, izjedna\u010dene boje i izrazito meka na dodir.<\/p>\n<p>Efekti podmla\u0111ivaja su trajni. Tretman je bezbolan i prijatan. Odmah nakon tretmana mo\u017ee se nastaviti sa svakodnevnim aktivnostima. Nanosite kremu sa za\u0161titnim faktorom najmanje 15 u toku dana. Mogu\u0107e crvenilo nakon tretmana je blago ii prolazi unutar nekoliko minuta do nekoliko sati.<\/p>\n<p>Oznake: Fotopomla\u0111ivanje ,ljepota i zdravlje, maarlas sarajevo, salon ljepote, <\/p>\n","protected":false},"excerpt":{"rendered":"<p>Fotopomla\u0111ivanje sa Cerri IPL Lightwave Advanced zasnovano je na biostimulaciji tkiva koje se revitalizira i tonizira, te se stimuliraju vlakna kolagena i elastina. To dovodi do zagla\u0111ivanja i u\u010dvr\u0161\u0107ivanja ko\u017ee te pobolj\u0161anja izgleda. Vra\u0107a zdravi ton ko\u017ee i pospje\u0161uje ujedna\u010denje boje ko\u017ee. Ko\u017ea postaje elasti\u010dna a bore se smanjuju. IPL tretmani za pomla\u0111ivanje tako\u0111er se [&hellip;]<\/p>\n","protected":false},"author":1,"featured_media":0,"parent":0,"menu_order":0,"comment_status":"closed","ping_status":"closed","template":"","meta":{"footnotes":""},"class_list":["post-161","page","type-page","status-publish","hentry"],"_links":{"self":[{"href":"https:\/\/maarlas.cyor24.business\/index.php\/wp-json\/wp\/v2\/pages\/161","targetHints":{"allow":["GET"]}}],"collection":[{"href":"https:\/\/maarlas.cyor24.business\/index.php\/wp-json\/wp\/v2\/pages"}],"about":[{"href":"https:\/\/maarlas.cyor24.business\/index.php\/wp-json\/wp\/v2\/types\/page"}],"author":[{"embeddable":true,"href":"https:\/\/maarlas.cyor24.business\/index.php\/wp-json\/wp\/v2\/users\/1"}],"replies":[{"embeddable":true,"href":"https:\/\/maarlas.cyor24.business\/index.php\/wp-json\/wp\/v2\/comments?post=161"}],"version-history":[{"count":0,"href":"https:\/\/maarlas.cyor24.business\/index.php\/wp-json\/wp\/v2\/pages\/161\/revisions"}],"wp:attachment":[{"href":"https:\/\/maarlas.cyor24.business\/index.php\/wp-json\/wp\/v2\/media?parent=161"}],"curies":[{"name":"wp","href":"https:\/\/api.w.org\/{rel}","templated":true}]}}