{"id":31,"date":"2017-09-16T14:35:28","date_gmt":"2017-09-16T12:35:28","guid":{"rendered":"http:\/\/maarlas.ba\/?page_id=31"},"modified":"2017-09-16T14:35:28","modified_gmt":"2017-09-16T12:35:28","slug":"hauschka","status":"publish","type":"page","link":"https:\/\/maarlas.cyor24.business\/index.php\/hauschka\/","title":{"rendered":"Dr. Hauschka"},"content":{"rendered":"<div style=\"float: left; margin-top: 15px;\" class=\"col-md-6\"><strong>Be\u010dki hemi\u010dar Dr. Rudolf Hauschka<\/strong> osnovao je 1935. godine u mjestu Ludwigsburg kompaniju WALA, kako bi proizvodio prirodne lijekove za antropozofsku terapiju i dijetetske ljekovite preparate, potpuno novim ritmi\u010dkim procesom i sa idejom da \u201cpodr\u017ei iscjeljenje \u010dovjeka i zemlje\u201d. Iskoristio je snagu prirodnih suprotnosti, ritmi\u010dku izmjenu svjetla i tame, topline i hladno\u0107e, kretanja i mirovanja.<\/p>\n<p>Postupak koji je razvio Rudolf Hauschka, a u kojem se preparati proizvode bez alkohola kao konzervansa, privukao je i Elisabeth Sigmund, \u010dije su originalne ideje o na\u010dinima njege ko\u017ee, \u0161ezdesetih godina pro\u0161log stolje\u0107a, dovele do nastanka Dr. Hauschka kozmetike.<\/p>\n<p>Dr.Hauschka kozmetika postoji i razvija se od 1967. Certifikovana je prirodna kozmetika s vi\u0161e od 100 razli\u010ditih preparata za njegu lica i tijela. Dr. Hauschka kozmetika podsti\u010de ve\u0107 postoje\u0107u aktivnost ko\u017ee, njenu sposobnost da se samostalno obnavlja, te ja\u010da sopstvene obrambene snage.<\/p>\n<p>Pri proizvodnji ove kozmetike upotrebljavaju se sastojci iz biodinami\u010dkog ili kontrolisanog biolo\u0161kog uzgoja, \u0161to podsti\u010de i \u010duva plodnost tla i raznolikost vrsta. Zbog toga njihov vrt sa skupocjenim ljekovitim biljkama, koji je nekada bio mo\u010dvarna livada, danas posjeduje certifikat Demeter, a svi proizvodi imaju Natrue certifikat.<\/p>\n<p>Sastojci iz prirode, pa\u017eljivo izabrane ljekovite biljke, sopstveni koncept obrade i jedinstvena misao vodilja &#8211; sve to karakteri\u0161e Dr.Hauschka kozmetiku i koncept njege na sljede\u0107i na\u010din: ko\u017ea posjeduje sopstvenu snagu hranjenja i regeneracije, a kozmetika je u tome mora podr\u017eati. To \u010dini jedinstvenost Dr.Hauschka kozmetike.<\/p>\n<p>Bademovo i jojobino ulje, dragocjeni ekstrakti ljekovitih biljaka poput ze\u010dije djeteline i poto\u010darke, kao i etarska ulja &#8211; ovi visokovrijedni sastojci samo su mali dio onog \u0161to Dr.Hauschka linija za njegu lica mo\u017ee ponuditi od prirodnih sastojaka. Osjetite blagotvorno djelovanje ovih preparata na va\u0161oj ko\u017ei i svakodnevno u\u017eivajte u prirodnoj i holisti\u010dkoj njezi.<\/p>\n<p>Svi znamo \u0161ta sve mora da radi na\u0161a ko\u017ea kako bi brinula o nama. Ona nas brani od \u0161tetnih supstanci iz okru\u017eenja. Ona sadr\u017ei nervne zavr\u0161etke koji nam omogu\u0107uju da osje\u0107amo. Ona reguli\u0161e temperaturu i vla\u017enost na\u0161eg tijela.<\/p>\n<p>Dr. Hauschka proizvodi za njegu formulisani su tako da podr\u017ee va\u0161u ko\u017eu kako bi ona izgledala svje\u017ee, gipko i lijepo dok obavlja svoje neophodne prirodne funkcije. Bilo da hidratiziraju ko\u017eu, umiruju je ili upijaju vi\u0161ak masno\u0107e kako bi odr\u017eali ko\u017eu suhom, Dr. Hauschka proizvodi za njegu ko\u017ee njeguju, hrane i \u0161tite va\u0161u ko\u017eu kako biste izgledali blistavo, aktivno i vitalno.<\/p><\/div>\n<p>Oznake: Dr. Hauschka, Dr. Hauschka sarajevo, ljepota i zdravlje, maarlas sarajevo, salon ljepote, prirodna kozmetika, hidratacija ko\u017ee<\/p>\n<div style=\"float: left;\" class=\"col-md-6\"> <img decoding=\"async\" style=\"margin-bottom: 10px;\" width=\"100%\" src=\"https:\/\/maarlas.cyor24.business\/wp-content\/uploads\/2017\/09\/MG_7104.jpg\"> <img decoding=\"async\" width=\"100%\" src=\"https:\/\/maarlas.cyor24.business\/wp-content\/uploads\/2017\/09\/MG_7171.jpg\"><\/p>\n","protected":false},"excerpt":{"rendered":"<p>Be\u010dki hemi\u010dar Dr. Rudolf Hauschka osnovao je 1935. godine u mjestu Ludwigsburg kompaniju WALA, kako bi proizvodio prirodne lijekove za antropozofsku terapiju i dijetetske ljekovite preparate, potpuno novim ritmi\u010dkim procesom i sa idejom da \u201cpodr\u017ei iscjeljenje \u010dovjeka i zemlje\u201d. Iskoristio je snagu prirodnih suprotnosti, ritmi\u010dku izmjenu svjetla i tame, topline i hladno\u0107e, kretanja i mirovanja. [&hellip;]<\/p>\n","protected":false},"author":1,"featured_media":0,"parent":0,"menu_order":0,"comment_status":"closed","ping_status":"closed","template":"","meta":{"footnotes":""},"class_list":["post-31","page","type-page","status-publish","hentry"],"_links":{"self":[{"href":"https:\/\/maarlas.cyor24.business\/index.php\/wp-json\/wp\/v2\/pages\/31","targetHints":{"allow":["GET"]}}],"collection":[{"href":"https:\/\/maarlas.cyor24.business\/index.php\/wp-json\/wp\/v2\/pages"}],"about":[{"href":"https:\/\/maarlas.cyor24.business\/index.php\/wp-json\/wp\/v2\/types\/page"}],"author":[{"embeddable":true,"href":"https:\/\/maarlas.cyor24.business\/index.php\/wp-json\/wp\/v2\/users\/1"}],"replies":[{"embeddable":true,"href":"https:\/\/maarlas.cyor24.business\/index.php\/wp-json\/wp\/v2\/comments?post=31"}],"version-history":[{"count":0,"href":"https:\/\/maarlas.cyor24.business\/index.php\/wp-json\/wp\/v2\/pages\/31\/revisions"}],"wp:attachment":[{"href":"https:\/\/maarlas.cyor24.business\/index.php\/wp-json\/wp\/v2\/media?parent=31"}],"curies":[{"name":"wp","href":"https:\/\/api.w.org\/{rel}","templated":true}]}}