{"id":35,"date":"2017-09-16T14:36:04","date_gmt":"2017-09-16T12:36:04","guid":{"rendered":"http:\/\/maarlas.ba\/?page_id=35"},"modified":"2017-09-16T14:36:04","modified_gmt":"2017-09-16T12:36:04","slug":"weleda","status":"publish","type":"page","link":"https:\/\/maarlas.cyor24.business\/index.php\/weleda\/","title":{"rendered":"Weleda"},"content":{"rendered":"<div style=\"float: left; margin-top: 15px;\" class=\"col-md-6\"><strong>U harmoniji sa \u010dovjekom i prirodom<\/strong><\/p>\n<p>Pri\u010da koja je po\u010dela kao farmaceutski laboratorij i bolnica, sa sopstvenim vrtom ljekovitog bilja danas je prerasla u pri\u010du o vode\u0107em svjetskom proizvo\u0111a\u010du holisti\u010dke, prirodne, organske kozmetike i farmaceutskih preparata za antropozofsku terapiju.<\/p>\n<p>Kako orijentirana na budu\u0107nost tako i iskusna, moderna i tradicionalna antropolo\u0161ka \u2013 to je Weleda. Kompanija je po\u010dela 1921. godine kao farmaceutski laboratorij sa vlastitim vrtom ljekovitih biljki. Doktorica Ita Wegman, hemi\u010dar Oskar Schmiedel i filozof Rudolf Steiner razvili su prvi farmaceutski proizvod koriste\u0107i koncept koji Weleda promovira i dan danas &#8211; lijek treba pru\u017eiti poticaj organizmu da iskoristi svoje vlastite mo\u0107i izlje\u010denja.<\/p>\n<p>Naziv Weleda, predstavljen je 1928. godine, a poti\u010de od imena germanske iscjeliteljke i proro\u010dice Velede. Rudolf Steiner je dizajnirao logo, koji se i danas koristi. On sadr\u017ei Asklepijev \u0161tap i zmiju &#8211; prikaz simboli\u010dki i mitolo\u0161ki povezan sa lije\u010denjem i ozdravljenjem. Oko njih nalazi se simbol davanja i primanja koji asocira na medicinski i socijalni pristup Welede.<\/p>\n<p>U svim fazama izrade proizvoda, Weleda aktivno \u010duva prirodnu sredinu. Biljne sirovine koje ne mogu dobiti u vlastitim vrtovima, dobijaju ili certificiranim skupljanjem samoniklog bilja ili od odabranih certificiranih partnera, s kojima rade ve\u0107 dugi niz godina. Zbog toga, pored Natrue certifikata, imaju \u010ditav niz drugih (Cruelty Free Cosmetics, Demeter, The Butterfly Mark, The Union for Ethical BioTrade).<\/p>\n<p>Danas je Weleda u svijetu vode\u0107i proizvo\u0111a\u010d antropolo\u0161kih lijekova i prirodne kozmetike. U ovisnosti o va\u0161im potrebama Welleda proizvodi harmoniziraju, opu\u0161taju, vitaliziraju i aktiviraju ko\u017eu i \u010dula. Fino ukomponovane kompozicije prirodnih sastojaka podsti\u010du samoreguliraju\u0107e snage u tijelu i \u010dine da se osje\u0107ate udobno u vlastitoj ko\u017ei.<\/p>\n<p>Nezavisni instituti su testirali i potvrdili efikasnost i tolerantnost Weleda prirodne kozmetike.<\/p>\n<p><strong>Prirodnim uljima do zdrave ko\u017ee<\/strong><\/p>\n<p>Probate li jednom njegovati ko\u017eu prirodnim uljima, te\u0161ko da \u0107ete se vratiti starim navikama, kremama ili losionima na koje ste navikli. Njega ko\u017ee biljnim uljima daleko je najpovoljniji i najprirodniji na\u010din da svoju ko\u017eu odr\u017eite mladolikom, hidratiziranom, \u010distom i zdravom. Tako\u0111er, ovim uljima mo\u017eete rije\u0161iti mnoge dermatolo\u0161ke probleme, uz samo malo upornosti.<\/p>\n<p>Na\u0161a ko\u017ea je polupropusna, \u0161to zna\u010di da \u0107e ve\u0107ina onoga \u0161to na nju nanosimo zavr\u0161iti u na\u0161em organizmu. Prednost prirodnih ulja je \u0161to ih ko\u017ea brzo apsorbira i prepoznaje kao dobru hranu. Zbog svoje kompatibilnosti sa ko\u017eom idealna su za pobolj\u0161anje njenih prirodnih funkcija i vitalnosti. Kako bi ispravno njegovali ko\u017eu biljnim uljima, ona moraju biti kvalitetna, \u0161to zna\u010di da su masno\u0107e dobivene iz plodova, sjemenki ili drugih dijelova biljaka i to isklju\u010divo metodom hladnog presovanja. Prirodna \u0107e ulja va\u0161oj ko\u017ei podariti elasti\u010dnost, rije\u0161iti vas vi\u0161ka sebuma i ukloniti s nje pigmentacijske mrlje ili o\u017eiljke od akni, \u0161to je vrlo \u010dest problem kod masne i mje\u0161ovite ko\u017ee. Savr\u0161ena su za opu\u0161tanje na kraju napornog dana ili kao dobar po\u010detak za novi dan.<\/p>\n<p>Mogu se upotrebljavati u tretmanima svakodnevne njege ili povremenih masa\u017ea. Njihova lagana tekstura i senzualan miris pobolj\u0161avaju elasti\u010dnost, \u010dine ko\u017eu mek\u0161om, uspostavljaju\u0107i harmoniju duha i tijela.<\/p>\n<p>Osnova svih Weleda ulja za tijelo koja koristimo za masa\u017ee su \u010dista biljna ulja dobivena iz plodova i sjemena biljki koje su dozrijevale na suncu i rezultat su prirodnih, \u017eivotnih procesa. Za razliku od mineralnih ulja kao \u0161to je parafinsko, prirodna ulja mogu u\u0107i u interakciju sa \u017eivim organizmom.<\/p>\n<p>Ne stvaraju kona\u010dni sloj na ko\u017ei \u0161to omogu\u0107ava ko\u017ei da &#8220;di\u0161e&#8221; i prirodno se regenerira. Kombinacija vrijednih prirodnih tvari pospje\u0161uje razli\u010dite funkcije ko\u017ee i oja\u010dava njezin za\u0161titni sloj. Sva Weleda ulja za tijelo su hipoalergenska, bez umjetnih aroma, konzervansa i mineralnih ulja. Dermatolo\u0161ki su testirana. Potpuno su prirodna i organska. Razmazite se uz opu\u0161taju\u0107e, sportske i druge masa\u017ee sa Weleda uljima. <\/p>\n<p>Oznake: Weleda, Weleda sarajevo, Weleda ulja, ljepota i zdravlje, maarlas sarajevo, salon ljepote, masa\u017ea, masa\u017ea weleda uljima, prirodna ulja, zdrava ko\u017ea<\/p>\n<p><strong>Za Va\u0161u zdravu i lijepu ko\u017eu<\/strong><\/p>\n<\/div>\n<div style=\"float: left;\" class=\"col-md-6\"> <img decoding=\"async\" style=\"margin-bottom: 10px;\" width=\"100%\" src=\"https:\/\/maarlas.cyor24.business\/wp-content\/uploads\/2017\/09\/MG_7120.jpg\"> <img decoding=\"async\" width=\"100%\" src=\"https:\/\/maarlas.cyor24.business\/wp-content\/uploads\/2017\/09\/MG_7127.jpg\"> <\/div>\n<div style=\"float: left;\" class=\"row\">\n<div style=\"background: #eaeaea;\" class=\"col-md-12\">\n<div style=\"background: #eaeaea; padding: 25px;\" class=\"col-md-4 weleda\">\n<img decoding=\"async\" width=\"100%\" height=\"auto\" src=\"https:\/\/maarlas.cyor24.business\/wp-content\/uploads\/2017\/09\/weleda-2.png\"><\/p>\n<p style=\"text-align: center; padding-bottom: 58px;\"><strong>Weleda ulje od citrusa<\/strong>, osvje\u017eava i stimuli\u0161e. Uz \u010disto bademovo ulje \u0161titi ko\u017eu od isu\u0161ivanja, dok eteri\u010dna ulja citrusa prenose svje\u017e miris. Idealno je za svakodnevnu njegu ko\u017ee, njegu nakon sun\u010danja ili revitaliziraju\u0107u masa\u017eu.<\/p>\n<\/div>\n<div style=\"background: #eaeaea; padding: 25px;\" class=\"col-md-4 weleda\">\n<img decoding=\"async\" width=\"100%\" height=\"auto\" src=\"https:\/\/maarlas.cyor24.business\/wp-content\/uploads\/2017\/09\/weleda-4.png\"><\/p>\n<p style=\"text-align: center; \"><strong>Weleda ulje od divlje ru\u017ee<\/strong>, njeguje i harmonizira. Jedno je od najcjenjenijih kozmeti\u010dkih ulja. Visokokvalitena ulja ru\u017ee i jojobe \u0161tite ko\u017eu od isu\u0161ivanja dok je fino bademovo ulje \u010dini svilenkasto mekom. Pokazuje izvrsne rezultate u regeneraciji o\u0161te\u0107ene, suhe i zrele ko\u017ee, a mo\u017ee se koristiti za tretiranje o\u017eiljaka ili opekotina.<\/p>\n<\/div>\n<div style=\"background: #eaeaea; padding: 25px;\" class=\"col-md-4 weleda\">\n<img decoding=\"async\" width=\"100%\" height=\"auto\" src=\"https:\/\/maarlas.cyor24.business\/wp-content\/uploads\/2017\/09\/weleda-6.png\"><\/p>\n<p style=\"text-align: center; padding-bottom: 32px;\"><strong>Weleda ulje od vu\u010djeg trna<\/strong>, revitalizira i hrani ko\u017eu. Bogato je nezasi\u0107enim masnim kiselinama, vitaminima C, E i A, poma\u017ee u za\u0161titi od UV zra\u010denja i slobodnih radikala, podsti\u010de obnavljanje \u0107elija, posjeduje protuupalna svojstva, te je pravi izbor za ko\u017eu sklonu iritacijama i upalama.<\/p>\n<\/div>\n<div style=\"background: #eaeaea; padding: 25px;\" class=\"col-md-4 weleda\">\n<img decoding=\"async\" width=\"100%\" height=\"auto\" src=\"https:\/\/maarlas.cyor24.business\/wp-content\/uploads\/2017\/09\/weleda-1.png\"><\/p>\n<p style=\"text-align: center;\"><strong>Weleda ulje od nara<\/strong>, obnavlja \u0107elije i djeluje antioksidativno. Koristi se u tretmanima bora, jer na prirodan na\u010din sprje\u010dava prerano starenje ko\u017ee, poti\u010de regeneraciju, intenzivno njeguje i odr\u017eava hidrataciju ko\u017ee. Koristi se kod suhe i stanjene ko\u017ee.<\/p>\n<\/div>\n<div style=\"background: #eaeaea; padding: 25px;\" class=\"col-md-4 weleda\">\n<img decoding=\"async\" width=\"100%\" height=\"auto\" src=\"https:\/\/maarlas.cyor24.business\/wp-content\/uploads\/2017\/09\/weleda-3.png\"><\/p>\n<p style=\"text-align: center;\"><strong>Weleda ulje protiv celulita od breze<\/strong>, za \u010dvrstu i glatku ko\u017eu. Sadr\u017ei jedinstvenu kombinaciju visokovrijednih sastojaka \u2013 ljekoviti ekstrakti listova mlade breze, ruzmarina i bodljikave veprine aktiviraju metabolizam i djeluju u dubljim slojevima ko\u017ee, dok ulje ko\u0161pice kajsije, jojobe i p\u0161eni\u010dnih klica stimuli\u0161u prirodnu regeneraciju ko\u017ee.<\/p>\n<\/div>\n<div style=\"background: #eaeaea; padding: 25px;\" class=\"col-md-4 weleda\">\n<img decoding=\"async\" width=\"100%\" height=\"auto\" src=\"https:\/\/maarlas.cyor24.business\/wp-content\/uploads\/2017\/09\/weleda-5.png\"><\/p>\n<p style=\"text-align: center;\"><strong>Weleda ulje od arnike<\/strong>, zagrijava, tonizira i okrepljuje. Biljna ulja suncokreta, masline i ekstrakti cvjetova arnike i listova breze \u010dine ko\u017eu glatkom, pobolj\u0161avaju elasti\u010dnost i \u010dvrstinu, te podsti\u010de obnavljanje \u0107elija. Sna\u017enija masa\u017ea ovim uljem podsti\u010de cirkulaciju i priprema mi\u0161i\u0107e za fizi\u010dku aktivnost, a laganija opu\u0161ta nakon fizi\u010dke aktivnosti.<\/p>\n<\/div>\n<\/div>\n<\/div>\n","protected":false},"excerpt":{"rendered":"<p>U harmoniji sa \u010dovjekom i prirodom Pri\u010da koja je po\u010dela kao farmaceutski laboratorij i bolnica, sa sopstvenim vrtom ljekovitog bilja danas je prerasla u pri\u010du o vode\u0107em svjetskom proizvo\u0111a\u010du holisti\u010dke, prirodne, organske kozmetike i farmaceutskih preparata za antropozofsku terapiju. Kako orijentirana na budu\u0107nost tako i iskusna, moderna i tradicionalna antropolo\u0161ka \u2013 to je Weleda. Kompanija [&hellip;]<\/p>\n","protected":false},"author":1,"featured_media":0,"parent":0,"menu_order":0,"comment_status":"closed","ping_status":"closed","template":"","meta":{"footnotes":""},"class_list":["post-35","page","type-page","status-publish","hentry"],"_links":{"self":[{"href":"https:\/\/maarlas.cyor24.business\/index.php\/wp-json\/wp\/v2\/pages\/35","targetHints":{"allow":["GET"]}}],"collection":[{"href":"https:\/\/maarlas.cyor24.business\/index.php\/wp-json\/wp\/v2\/pages"}],"about":[{"href":"https:\/\/maarlas.cyor24.business\/index.php\/wp-json\/wp\/v2\/types\/page"}],"author":[{"embeddable":true,"href":"https:\/\/maarlas.cyor24.business\/index.php\/wp-json\/wp\/v2\/users\/1"}],"replies":[{"embeddable":true,"href":"https:\/\/maarlas.cyor24.business\/index.php\/wp-json\/wp\/v2\/comments?post=35"}],"version-history":[{"count":0,"href":"https:\/\/maarlas.cyor24.business\/index.php\/wp-json\/wp\/v2\/pages\/35\/revisions"}],"wp:attachment":[{"href":"https:\/\/maarlas.cyor24.business\/index.php\/wp-json\/wp\/v2\/media?parent=35"}],"curies":[{"name":"wp","href":"https:\/\/api.w.org\/{rel}","templated":true}]}}