{"id":436,"date":"2017-11-13T11:04:23","date_gmt":"2017-11-13T10:04:23","guid":{"rendered":"http:\/\/maarlas.ba\/?page_id=436"},"modified":"2017-11-13T11:04:23","modified_gmt":"2017-11-13T10:04:23","slug":"pocetna","status":"publish","type":"page","link":"https:\/\/maarlas.cyor24.business\/index.php\/pocetna\/","title":{"rendered":"Po\u010detna"},"content":{"rendered":"<p>Postoji vrijeme koje trebamo samo za sebe a u Maarlas Spa &amp; Beauty centru ono ima posebnu vrijednost. Analize ra\u0111ene na globalnom nivou pokazuju rapidni porast kori\u0161tenja neivazivnih estetskih usluga i mi smo tu da Vam ponudimo iste uz izniman pristup i koncept.<\/p>\n<p>Maarlas Spa &amp; Beauty centar prvi je dermo-kozmeti\u010dki centar u Bosni i Hercegovini s Thalgo konceptom. Kod nas mo\u017eete u\u017eivati u svim blagodatima tradicionalne kozmetike s Azurne obale, udi\u0161u\u0107i mirise mora smje\u0161tene u \u010dudnovate bo\u010dice i na trenutak biti dio pri\u010de s crvenog tepiha u Cannesu u \u010dijoj blizini i nastaju magije Thalgo kozmetike.<\/p>\n<p>Ako pak \u017eelite osjetiti \u010dari \u010diste prirode kao da le\u017eite na livadi prepunoj cvije\u0107a i ljekovitog bilja a da pri tome Va\u0161a ko\u017ea upija sve blagodati te prirode Dr. Hauschka kozmetika je kao stvorena za Vas. U Bosni I Hercegovini jedini smo dermo-kozmeti\u010dki centar koji nudi tretmane Dr. Hauschka kozmetikom.<\/p>\n<p>Za Vas smo pomno odabrali vrhunske medicinsko-kozmeti\u010dke aparate i najbolje dermo-kozmeti\u010dke preparate bazirane na prirodnim sastojcima. Stru\u010dnost osoblja s vi\u0161egodi\u0161njim iskustvom Vam pru\u017ea sigurnost a individualan pristup i sistemati\u010dno odre\u0111ijivanje putanje tretmana garancija su za postizanje optimalnih rezultata.<\/p>\n<p>Maarlas Spa &amp; Beauty centar nalazi se na zanimljivoj lokaciji izme\u0111u Sarajeva i Ilid\u017ee, okru\u017een zelenilom i pristupa\u010dan kako za one koji dolaze iz centra grada tako i za one s Ilid\u017ee. Za posjetioce iz drugih gradova bitno je ista\u0107i da se nalazimo pri ulazu u grad te ne morate gubiti vrijeme na gradske gu\u017eve i tra\u017eenje parkinga koji Vam je kod nas svakako obezbije\u0111en.<\/p>\n<p>Mo\u017eete li na trenutak zastati i zamisliti svoj idealan kutak ispunjen ljepotom, ugodom, zadovoljstvom i opu\u0161tanjem? Nemojte zami\u0161ljati! Do\u017eivite!<\/p>\n<p>Dobro nam do\u0161li, Va\u0161 Maarlas Spa &amp; Beauty team<\/p>\n","protected":false},"excerpt":{"rendered":"<p>Postoji vrijeme koje trebamo samo za sebe a u Maarlas Spa &amp; Beauty centru ono ima posebnu vrijednost. Analize ra\u0111ene na globalnom nivou pokazuju rapidni porast kori\u0161tenja neivazivnih estetskih usluga i mi smo tu da Vam ponudimo iste uz izniman pristup i koncept. Maarlas Spa &amp; Beauty centar prvi je dermo-kozmeti\u010dki centar u Bosni i [&hellip;]<\/p>\n","protected":false},"author":1,"featured_media":0,"parent":0,"menu_order":0,"comment_status":"closed","ping_status":"closed","template":"page-homepage2.php","meta":{"footnotes":""},"class_list":["post-436","page","type-page","status-publish","hentry"],"_links":{"self":[{"href":"https:\/\/maarlas.cyor24.business\/index.php\/wp-json\/wp\/v2\/pages\/436","targetHints":{"allow":["GET"]}}],"collection":[{"href":"https:\/\/maarlas.cyor24.business\/index.php\/wp-json\/wp\/v2\/pages"}],"about":[{"href":"https:\/\/maarlas.cyor24.business\/index.php\/wp-json\/wp\/v2\/types\/page"}],"author":[{"embeddable":true,"href":"https:\/\/maarlas.cyor24.business\/index.php\/wp-json\/wp\/v2\/users\/1"}],"replies":[{"embeddable":true,"href":"https:\/\/maarlas.cyor24.business\/index.php\/wp-json\/wp\/v2\/comments?post=436"}],"version-history":[{"count":0,"href":"https:\/\/maarlas.cyor24.business\/index.php\/wp-json\/wp\/v2\/pages\/436\/revisions"}],"wp:attachment":[{"href":"https:\/\/maarlas.cyor24.business\/index.php\/wp-json\/wp\/v2\/media?parent=436"}],"curies":[{"name":"wp","href":"https:\/\/api.w.org\/{rel}","templated":true}]}}