{"id":655,"date":"2018-05-23T21:46:22","date_gmt":"2018-05-23T19:46:22","guid":{"rendered":"http:\/\/maarlas.ba\/?page_id=655"},"modified":"2018-05-23T21:46:22","modified_gmt":"2018-05-23T19:46:22","slug":"reviderm","status":"publish","type":"page","link":"https:\/\/maarlas.cyor24.business\/index.php\/reviderm\/","title":{"rendered":"REVIDERM"},"content":{"rendered":"<div class=\"col-md-6\" style=\"float: left; margin-top: 15px;\">\n<p>REVIDERM je sustav za njegu ko\u017ee koji dolazi iz Njema\u010dke i temelji se na najnovijim istra\u017eivanjima moderne dermatologije i kozmetologije. Vlastiti mehanizmi za\u0161tite ko\u017ee se uz pomo\u0107 REVIDERM dermokozmetike ja\u010de aktiviraju te reagiraju br\u017ee. Na taj na\u010din prirodni procesi regeneracije ko\u017ee se stimuliraju te se proces starenja usporava. REVIDERM uskla\u0111uje inovativnu znanost sa snagama prirode kako bi postigao najvi\u0161u kvalitetu. REVIDERM se kao proizvo\u0111a\u010d dermokozmeti\u010dkog sustava za njegu ko\u017ee obvezao da \u0107e proizvoditi samo najbolje proizvode u skladu s prirodom. U suradnji s me\u0111unarodnim istra\u017eiva\u010dkim skupinama, samo posebno odabrani i potvr\u0111eni aktivni agenti uvr\u0161tavaju se u njihove inovativne formulacije. Visoke standarde jam\u010di stalna kontrola kvalitete u\u010dinkovitosti i sigurnosti. Osim samog izbora aktivnih agenata, za optimalan rezultat odgovorna je i njihova koncentracija. REVIDERM ne \u010dini kompromise te daje ko\u017ei koliko god joj je potrebno jer samo tako mo\u017ee jam\u010diti izvrstan i dugotrajan rezultat.<\/p>\n<p>Reviderm linija dermokozmetike visoko su kvalitetni proizvodi s velikim udjelom aktivnih sastojaka koji su na granici izme\u0111u medicinskog proizvoda i kozmeti\u010dkog preparata. Osim \u0161to njeguju uspje\u0161no pobolj\u0161avaju stanje ko\u017ee te rje\u0161avaju postoje\u0107e nedostatke. Funkcionalnost, dubina prodiranja kao i individualna njega svake ko\u017ee je ono \u0161to REVIDERM \u010dini posebnim.<br \/>\nU na\u0161em centru koristimo potpuno sigurnu i prirodnu kozmetiku brendova Thalgo,\u00a0Reviderm, Dr. Hauschka i Weleda.<\/p>\n<p>Oznake: thalgo, thalgo sarajevo, ljepota i zdravlje, detoksikacija, maarlas sarajevo, salon ljepote, reviderm, Dr. Hauschka, weleda<\/p>\n<\/div>\n<div class=\"col-md-6\" style=\"float: left; margin-top: 15px;\"><img fetchpriority=\"high\" decoding=\"async\" class=\"alignnone size-large wp-image-1032\" src=\"https:\/\/maarlas.cyor24.business\/wp-content\/uploads\/2023\/05\/reviderm-aparat-1024x767.jpg\" alt=\"\" width=\"1024\" height=\"767\" srcset=\"https:\/\/maarlas.cyor24.business\/wp-content\/uploads\/2023\/05\/reviderm-aparat-1024x767.jpg 1024w, https:\/\/maarlas.cyor24.business\/wp-content\/uploads\/2023\/05\/reviderm-aparat-300x225.jpg 300w, https:\/\/maarlas.cyor24.business\/wp-content\/uploads\/2023\/05\/reviderm-aparat-768x576.jpg 768w, https:\/\/maarlas.cyor24.business\/wp-content\/uploads\/2023\/05\/reviderm-aparat-1536x1151.jpg 1536w, https:\/\/maarlas.cyor24.business\/wp-content\/uploads\/2023\/05\/reviderm-aparat.jpg 1800w\" sizes=\"(max-width: 1024px) 100vw, 1024px\" \/>\n<\/div>\n","protected":false},"excerpt":{"rendered":"<p>REVIDERM je sustav za njegu ko\u017ee koji dolazi iz Njema\u010dke i temelji se na najnovijim istra\u017eivanjima moderne dermatologije i kozmetologije. Vlastiti mehanizmi za\u0161tite ko\u017ee se uz pomo\u0107 REVIDERM dermokozmetike ja\u010de aktiviraju te reagiraju br\u017ee. Na taj na\u010din prirodni procesi regeneracije ko\u017ee se stimuliraju te se proces starenja usporava. REVIDERM uskla\u0111uje inovativnu znanost sa snagama prirode [&hellip;]<\/p>\n","protected":false},"author":1,"featured_media":0,"parent":0,"menu_order":0,"comment_status":"closed","ping_status":"closed","template":"","meta":{"footnotes":""},"class_list":["post-655","page","type-page","status-publish","hentry"],"_links":{"self":[{"href":"https:\/\/maarlas.cyor24.business\/index.php\/wp-json\/wp\/v2\/pages\/655","targetHints":{"allow":["GET"]}}],"collection":[{"href":"https:\/\/maarlas.cyor24.business\/index.php\/wp-json\/wp\/v2\/pages"}],"about":[{"href":"https:\/\/maarlas.cyor24.business\/index.php\/wp-json\/wp\/v2\/types\/page"}],"author":[{"embeddable":true,"href":"https:\/\/maarlas.cyor24.business\/index.php\/wp-json\/wp\/v2\/users\/1"}],"replies":[{"embeddable":true,"href":"https:\/\/maarlas.cyor24.business\/index.php\/wp-json\/wp\/v2\/comments?post=655"}],"version-history":[{"count":0,"href":"https:\/\/maarlas.cyor24.business\/index.php\/wp-json\/wp\/v2\/pages\/655\/revisions"}],"wp:attachment":[{"href":"https:\/\/maarlas.cyor24.business\/index.php\/wp-json\/wp\/v2\/media?parent=655"}],"curies":[{"name":"wp","href":"https:\/\/api.w.org\/{rel}","templated":true}]}}