{"id":821,"date":"2019-01-21T19:32:28","date_gmt":"2019-01-21T18:32:28","guid":{"rendered":"http:\/\/maarlas.ba\/?page_id=821"},"modified":"2019-01-21T19:32:28","modified_gmt":"2019-01-21T18:32:28","slug":"reviderm-make-up","status":"publish","type":"page","link":"https:\/\/maarlas.cyor24.business\/index.php\/reviderm-make-up\/","title":{"rendered":"Reviderm MAKE UP"},"content":{"rendered":"<div class=\"span4\"><img decoding=\"async\" style=\"float: left; width: 350px; margin-right: 15px;\" src=\"https:\/\/maarlas.cyor24.business\/wp-content\/uploads\/2023\/05\/reviderm-makeup-225x300.jpg\">&nbsp;<\/p>\n<p style=\"marin-left: 15px;\">Najskuplji nakit koji \u017eena mo\u017ee posjedovati je njena ko\u017ea.<\/p>\n<p>Reviderm se ve\u0107 30 godina brine o zdravlju i ljepoti ko\u017ee koriste\u0107i najnovija istra\u017eivanja i tehnologije te najkvalitetnije sastojke kako bi kreirali tretmane i proizvode za sve i indikacije i problematike ko\u017ee. U cjelovitom pristupu u kojem se rje\u0161enja temelje na sinergijskom pristupu nedostajao je zadnji korak \u2013 prekrivanje nedostataka i isticanje ljepote ko\u017ee.<\/p>\n<p>U suradnji sa poznatim me\u0111unarodnim viza\u017eistom Giovanniem Fassielom, razvili smo make-up liniju pod nazivom Skin Jewels, liniju inspiriranu ko\u017eom i bogatu visokovrijednim sastojcima. Zahvaljuju\u0107i Mikromineralnom kompleksu, dijamantnoj pra\u0161ini i visoko kvalitetnim sastojcima kreiran je lagan make up koji ne zatvara pore te ko\u017ei daje \u017eeljeno prekrivanje i zdrav sjaj. Inovativan sustav kodiranja boja poma\u017ee vam da prepoznate koja boja vam najvi\u0161e odgovara i kako kombinirati razli\u010dite proizvode.<\/p>\n<p>Reviderm Skin Jewels make up potpuno je nje\u017ean prema ko\u017ei, mogu ga koristiti i osobe sa problemati\u010dnom i osjetljivijom ko\u017eom te se mo\u017ee nanositi i nakon tretmana za lice.<\/p>\n<p>Kombinacija ultra finih mikro \u010destica minerala i vrijednih sastojaka (poput dijamantne pra\u0161ine) te uva\u017eavanje individualne teksture svake ko\u017ee rezultirali su linijom koja je \u201eskin friendly\u201c ali ujedno daje i profesionalne rezultate prekrivanja. Visokovrijedni sastojci ja\u010daju otpornost stanica ko\u017ee, ubla\u017eavaju iritacije i smanjuju vidljivost bora na licu te stvaraju besprijekoran ten:<\/p>\n<p>&#8211; Magnezij sulfat smanjuje upalu i ko\u017eu \u010dini bar\u0161unasto glatkom<br \/>\n&#8211; Kaolin regulira proizvodnju sebuma i matira ten<br \/>\n&#8211; Cinkov oksid regenerira i \u0161titi ko\u017eu<br \/>\n&#8211; Kalij sorbat daje va\u0161im stanicama kisik i energiju te smanjuje crvenilo<br \/>\n&#8211; Dijamantna pra\u0161ina, ultrafini, mineralni sastojak,reflektira svjetlost koja blista na va\u0161oj ko\u017ei, pro\u010di\u0161\u0107ava pore i vidljivo smanjuje linije i bore<\/p>\n<p>Vjerovanja smo da se \u017eene ne trebaju skrivati iza make up-a ve\u0107 ih \u017eelimo potaknuti da naglase prirodan izgled i istaknu prednosti svog lica Reviderm nakitom za ko\u017eu!<\/p>\n<p>&nbsp;<\/p>\n<\/div>\n<p>&nbsp;<\/p>\n","protected":false},"excerpt":{"rendered":"<p>&nbsp; Najskuplji nakit koji \u017eena mo\u017ee posjedovati je njena ko\u017ea. Reviderm se ve\u0107 30 godina brine o zdravlju i ljepoti ko\u017ee koriste\u0107i najnovija istra\u017eivanja i tehnologije te najkvalitetnije sastojke kako bi kreirali tretmane i proizvode za sve i indikacije i problematike ko\u017ee. U cjelovitom pristupu u kojem se rje\u0161enja temelje na sinergijskom pristupu nedostajao je [&hellip;]<\/p>\n","protected":false},"author":1,"featured_media":1034,"parent":0,"menu_order":0,"comment_status":"closed","ping_status":"closed","template":"","meta":{"footnotes":""},"class_list":["post-821","page","type-page","status-publish","has-post-thumbnail","hentry"],"_links":{"self":[{"href":"https:\/\/maarlas.cyor24.business\/index.php\/wp-json\/wp\/v2\/pages\/821","targetHints":{"allow":["GET"]}}],"collection":[{"href":"https:\/\/maarlas.cyor24.business\/index.php\/wp-json\/wp\/v2\/pages"}],"about":[{"href":"https:\/\/maarlas.cyor24.business\/index.php\/wp-json\/wp\/v2\/types\/page"}],"author":[{"embeddable":true,"href":"https:\/\/maarlas.cyor24.business\/index.php\/wp-json\/wp\/v2\/users\/1"}],"replies":[{"embeddable":true,"href":"https:\/\/maarlas.cyor24.business\/index.php\/wp-json\/wp\/v2\/comments?post=821"}],"version-history":[{"count":0,"href":"https:\/\/maarlas.cyor24.business\/index.php\/wp-json\/wp\/v2\/pages\/821\/revisions"}],"wp:featuredmedia":[{"embeddable":true,"href":"https:\/\/maarlas.cyor24.business\/index.php\/wp-json\/wp\/v2\/media\/1034"}],"wp:attachment":[{"href":"https:\/\/maarlas.cyor24.business\/index.php\/wp-json\/wp\/v2\/media?parent=821"}],"curies":[{"name":"wp","href":"https:\/\/api.w.org\/{rel}","templated":true}]}}