{"id":875,"date":"2019-02-09T08:47:05","date_gmt":"2019-02-09T07:47:05","guid":{"rendered":"http:\/\/maarlas.ba\/?page_id=875"},"modified":"2019-02-09T08:47:05","modified_gmt":"2019-02-09T07:47:05","slug":"skin-needler","status":"publish","type":"page","link":"https:\/\/maarlas.cyor24.business\/index.php\/skin-needler\/","title":{"rendered":"Skin Needler"},"content":{"rendered":"<p><strong>SkinNeedler \u2013 inteligentna briga o ko\u017ei<\/strong><\/p>\n<p><strong>Precizniji. Nje\u017eniji. U\u010dinkovitiji. <\/strong><\/p>\n<p>Ve\u0107 vi\u0161e od desetlje\u0107a mikro-needling se smatra tajnim oru\u017ejem me\u0111u anti-age tehnikama. Lijepa ko\u017ea zahtijeva apsolutnu preciznost, a mikro-needling se sastoji od mikro-finih iglica koje upravo s visokom precizno\u0161\u0107u perforiraju ko\u017eu rade\u0107i male, namjenske proboje u ko\u017eu koji pak aktiviraju regeneracijske procese. Za samoobnovu se koriste vlastiti mehanizmi kako bi se stvorila mla\u0111a ko\u017ea s jednakim tenom.<\/p>\n<p><img decoding=\"async\" class=\"alignnone size-full wp-image-877\" src=\"https:\/\/maarlas.cyor24.business\/wp-content\/uploads\/2019\/02\/MODEL-1.jpg\" alt=\"\" width=\"100%\" height=\"auto\" srcset=\"https:\/\/maarlas.cyor24.business\/wp-content\/uploads\/2019\/02\/MODEL-1.jpg 800w, https:\/\/maarlas.cyor24.business\/wp-content\/uploads\/2019\/02\/MODEL-1-300x165.jpg 300w, https:\/\/maarlas.cyor24.business\/wp-content\/uploads\/2019\/02\/MODEL-1-768x421.jpg 768w\" sizes=\"(max-width: 800px) 100vw, 800px\" \/><\/p>\n<div class=\"row\">\n<div class=\"col-md-12\">\n<div class=\"col-md-3 galery-image\">\n<a rel=\"lightbox[roadtrip]\" href=\"https:\/\/maarlas.cyor24.business\/wp-content\/uploads\/2019\/02\/POST_NEEDLING_KIT.jpg\">\n<img decoding=\"async\" src=\"https:\/\/maarlas.cyor24.business\/wp-content\/uploads\/2019\/02\/POST_NEEDLING_KIT.jpg\" alt=\"\" \/>\n<\/a>\n<p>Post needling kit<\/p>\n<\/div>\n<div class=\"col-md-3 galery-image\">\n<a rel=\"lightbox[roadtrip]\" href=\"https:\/\/maarlas.cyor24.business\/wp-content\/uploads\/2019\/02\/Needler-stamp.png\">\n<img decoding=\"async\" src=\"https:\/\/maarlas.cyor24.business\/wp-content\/uploads\/2019\/02\/Needler-stamp.png\" alt=\"\" \/>\n<\/a>\n<p>Minimalna o\u0161te\u0107enja tkiva za razliku od needlera sa kru\u017enim iglicama<\/p>\n<\/div>\n<div class=\"col-md-3 galery-image\">\n<a rel=\"lightbox[roadtrip]\" href=\"https:\/\/maarlas.cyor24.business\/wp-content\/uploads\/2019\/02\/Needler-Pen.png\">\n<img decoding=\"async\" src=\"https:\/\/maarlas.cyor24.business\/wp-content\/uploads\/2019\/02\/Needler-Pen.png\" alt=\"\" \/>\n<\/a>\n<p><\/p>\n<\/div>\n<div class=\"col-md-3 galery-image\">\n<a rel=\"lightbox[roadtrip]\" href=\"https:\/\/maarlas.cyor24.business\/wp-content\/uploads\/2019\/02\/Uredaj.jpg\">\n<img decoding=\"async\" src=\"https:\/\/maarlas.cyor24.business\/wp-content\/uploads\/2019\/02\/Uredaj.jpg\" alt=\"\" \/>\n<\/a>\n<p><\/p>\n<\/div>\n<\/div>\n<\/div>\n\n<p><strong>\/R\/evolucija mikro-needlinga<\/strong><\/p>\n<p>Svojom najnovijom tehnologijom, Reviderm postavlja standard u mikro-needlingu. Iglice u inovativnom PrecisionLineru imaju potpuno novi, inteligentni raspored tvore\u0107i samo jedan red od 10 iglica \u010dija se dubina mo\u017ee kontrolirano pode\u0161avati ovisno o izazovnosti ko\u017ee. Ovakav poredak osigurava vrhunsku preciznost prodiranja u sve dijelove lica \u0161to tretman \u010dini iznena\u0111uju\u0107e bezbolnim i minimalno invazivnim. Mikro-fine \u010destice razdvajaju redove stanica u epidermisu kroz kratkotrajne, male ubode. Time se aktiviraju vlastiti mehanizmi samoobnove ko\u017ee koji vode ka dugotrajnim pobolj\u0161anjima strukture, a bez mjerljivih o\u0161te\u0107enja na ko\u017ei.<\/p>\n<p>Ova metoda temelji se na znanstvenim, klini\u010dkim istra\u017eivanjima i dokazanim rezultatima \u2013 vidljiva regeneracija ko\u017ee pra\u0107ena stvaranjem novog kolagena, elastina i hijaluronske kiseline. Ne podlije\u017ee gotovo nikakvim rizicima prilikom oporavka, odnosno zacjeljenja rana niti kod promjena u pigmentaciji ko\u017ee i to mikro-needling \u010dini idealnim tretmanom i za svijetle i za tamne tonove ko\u017ee.<\/p>\n<div style=\"width: 640px;\" class=\"wp-video\"><video class=\"wp-video-shortcode\" id=\"video-875-1\" width=\"640\" height=\"360\" preload=\"metadata\" controls=\"controls\"><source type=\"video\/mp4\" src=\"http:\/\/maarlas.ba\/REVIDERM_SkinNeedler_2016_ENG.mp4?_=1\" \/><a href=\"http:\/\/maarlas.ba\/REVIDERM_SkinNeedler_2016_ENG.mp4\">http:\/\/maarlas.ba\/REVIDERM_SkinNeedler_2016_ENG.mp4<\/a><\/video><\/div>\n<p><strong>Cjelovit pristup<\/strong><\/p>\n<p>Cjelovit pristup svakom klijentu podrazumijeva specijalisti\u010dki pregled i analizu ko\u017ee na temelju \u010dega \u0107e se, uz odre\u0111ene indikacije ko\u017ee, definirati kompletna preporuka tretmana i ku\u0107ne njege za obnovu. Naime, nakon samog tretmana, ko\u017ei je potrebno osigurati i odre\u0111ene aktivne sastojke u ku\u0107noj njezi za odr\u017eavanje trenutnih, ali i dugoro\u010dnih u\u010dinaka za \u0161to se preporu\u010duje Reviderm dermokozmetika.<\/p>\n<p><em>Trenutni u\u010dinci:<\/em><\/p>\n<ul>\n<li>Ko\u017ea je vidljivo \u010di\u0161\u0107a i gla\u0111a<\/li>\n<li>Ten je svjetliji i sjajniji<\/li>\n<li>Ton ko\u017ee je ujedna\u010deniji<\/li>\n<\/ul>\n<p><em>Dugoro\u010dni u\u010dinci:<\/em><\/p>\n<ul>\n<li>Nova kolagenska vlakna<\/li>\n<li>Eliminirana \u0161teta u strukturi ko\u017ee<\/li>\n<li>Izgra\u0111en epidermis<\/li>\n<li>Pobolj\u0161ano zadr\u017eavanje vlage<\/li>\n<\/ul>\n","protected":false},"excerpt":{"rendered":"<p>SkinNeedler \u2013 inteligentna briga o ko\u017ei Precizniji. Nje\u017eniji. U\u010dinkovitiji. Ve\u0107 vi\u0161e od desetlje\u0107a mikro-needling se smatra tajnim oru\u017ejem me\u0111u anti-age tehnikama. Lijepa ko\u017ea zahtijeva apsolutnu preciznost, a mikro-needling se sastoji od mikro-finih iglica koje upravo s visokom precizno\u0161\u0107u perforiraju ko\u017eu rade\u0107i male, namjenske proboje u ko\u017eu koji pak aktiviraju regeneracijske procese. Za samoobnovu se koriste [&hellip;]<\/p>\n","protected":false},"author":1,"featured_media":0,"parent":0,"menu_order":0,"comment_status":"closed","ping_status":"closed","template":"","meta":{"footnotes":""},"class_list":["post-875","page","type-page","status-publish","hentry"],"_links":{"self":[{"href":"https:\/\/maarlas.cyor24.business\/index.php\/wp-json\/wp\/v2\/pages\/875","targetHints":{"allow":["GET"]}}],"collection":[{"href":"https:\/\/maarlas.cyor24.business\/index.php\/wp-json\/wp\/v2\/pages"}],"about":[{"href":"https:\/\/maarlas.cyor24.business\/index.php\/wp-json\/wp\/v2\/types\/page"}],"author":[{"embeddable":true,"href":"https:\/\/maarlas.cyor24.business\/index.php\/wp-json\/wp\/v2\/users\/1"}],"replies":[{"embeddable":true,"href":"https:\/\/maarlas.cyor24.business\/index.php\/wp-json\/wp\/v2\/comments?post=875"}],"version-history":[{"count":0,"href":"https:\/\/maarlas.cyor24.business\/index.php\/wp-json\/wp\/v2\/pages\/875\/revisions"}],"wp:attachment":[{"href":"https:\/\/maarlas.cyor24.business\/index.php\/wp-json\/wp\/v2\/media?parent=875"}],"curies":[{"name":"wp","href":"https:\/\/api.w.org\/{rel}","templated":true}]}}