{"id":935,"date":"2022-02-11T08:20:11","date_gmt":"2022-02-11T07:20:11","guid":{"rendered":"http:\/\/maarlas.ba\/?page_id=935"},"modified":"2022-02-11T08:20:11","modified_gmt":"2022-02-11T07:20:11","slug":"hijaluronski-fileri","status":"publish","type":"page","link":"https:\/\/maarlas.cyor24.business\/index.php\/hijaluronski-fileri\/","title":{"rendered":"Hijaluronski fileri"},"content":{"rendered":"<div class=\"span4\">\n      <img decoding=\"async\" style=\"float:left; width: 500px; margin-right: 15px;\" src=\"https:\/\/maarlas.cyor24.business\/wp-content\/uploads\/2022\/02\/hijaluronski-fileri-za-lice.jpg\"\/><\/p>\n<p style=\"marin-left: 15px;\"> Umanjite znakove starenja, smanjite bore i vratite mladala\u010dki sjaj va\u0161em licu sa hijaluronskim filerima vrhunskog kvaliteta: Stylage i Juvederm. Prirodno podmla\u0111ena ko\u017ea uz duboku hidrataciju i lifting efekat pomo\u0107u dermalnih filera. Hijaluronskim dermalnim filerima naj\u010de\u0161\u0107e se popunjavanju ve\u0107 formirane bore i borice ali i oblikuju usne, brada, jagodice i ostalo. <\/p>\n","protected":false},"excerpt":{"rendered":"<p>Umanjite znakove starenja, smanjite bore i vratite mladala\u010dki sjaj va\u0161em licu sa hijaluronskim filerima vrhunskog kvaliteta: Stylage i Juvederm. Prirodno podmla\u0111ena ko\u017ea uz duboku hidrataciju i lifting efekat pomo\u0107u dermalnih filera. Hijaluronskim dermalnim filerima naj\u010de\u0161\u0107e se popunjavanju ve\u0107 formirane bore i borice ali i oblikuju usne, brada, jagodice i ostalo.<\/p>\n","protected":false},"author":1,"featured_media":0,"parent":0,"menu_order":0,"comment_status":"closed","ping_status":"closed","template":"","meta":{"footnotes":""},"class_list":["post-935","page","type-page","status-publish","hentry"],"_links":{"self":[{"href":"https:\/\/maarlas.cyor24.business\/index.php\/wp-json\/wp\/v2\/pages\/935","targetHints":{"allow":["GET"]}}],"collection":[{"href":"https:\/\/maarlas.cyor24.business\/index.php\/wp-json\/wp\/v2\/pages"}],"about":[{"href":"https:\/\/maarlas.cyor24.business\/index.php\/wp-json\/wp\/v2\/types\/page"}],"author":[{"embeddable":true,"href":"https:\/\/maarlas.cyor24.business\/index.php\/wp-json\/wp\/v2\/users\/1"}],"replies":[{"embeddable":true,"href":"https:\/\/maarlas.cyor24.business\/index.php\/wp-json\/wp\/v2\/comments?post=935"}],"version-history":[{"count":0,"href":"https:\/\/maarlas.cyor24.business\/index.php\/wp-json\/wp\/v2\/pages\/935\/revisions"}],"wp:attachment":[{"href":"https:\/\/maarlas.cyor24.business\/index.php\/wp-json\/wp\/v2\/media?parent=935"}],"curies":[{"name":"wp","href":"https:\/\/api.w.org\/{rel}","templated":true}]}}