{"id":940,"date":"2022-02-11T08:24:42","date_gmt":"2022-02-11T07:24:42","guid":{"rendered":"http:\/\/maarlas.ba\/?page_id=940"},"modified":"2022-02-11T08:24:42","modified_gmt":"2022-02-11T07:24:42","slug":"mezoterapija","status":"publish","type":"page","link":"https:\/\/maarlas.cyor24.business\/index.php\/mezoterapija\/","title":{"rendered":"Mezoterapija"},"content":{"rendered":"<div class=\"span4\">\n      <img decoding=\"async\" style=\"float:left; width: 500px; margin-right: 15px;\" src=\"https:\/\/maarlas.cyor24.business\/wp-content\/uploads\/2022\/02\/mezoterapija-sarajevo-maarlas-1.jpg\"\/><\/p>\n<p style=\"marin-left: 15px;\"> <strong>Mezoterapija <\/strong>je metoda kojom se vitamini, minerali, aminokiseline i ostale aktivne tvari ubrizgavaju skin needlerom u dublji sloj ko\u017ee. Time se dobiva intenzivnija hidratacija i regeneracija ko\u017ee, a proces starenja zna\u010dajno usporava. Tretmani su visoko individualizirani, \u0161to zna\u010di da se uzimaju u obzir \u017eelje klijenta, a za efekt koji se \u017eeli posti\u0107i, biraju se i prilago\u0111avaju sastojci. <\/p>\n<p>Sami kokteli odre\u0111uju se po strogo poznatim i svjetski priznatim protokolima ili se koriste ve\u0107 gotovi kokteli. Mezoterapijom \u0107e se pove\u0107ati aktivnosti fibroblasta, stanica odgovornih za produkciju kolagena, elastina i hijalurona u ko\u017ei kao i aplicirati koktele aktivnih supstanci neophodnih za odr\u017eavanje ko\u017ee zdravom i mladolikom. Redovitim tretmanima smanjuje se dubina bora, pove\u0107ava koli\u010dina kolagena, a samim time i popravlja tonus ko\u017ee. Radimo uvijek s najboljim brendovima: Mesoestetic i Revitacare.<\/p>\n","protected":false},"excerpt":{"rendered":"<p>Mezoterapija je metoda kojom se vitamini, minerali, aminokiseline i ostale aktivne tvari ubrizgavaju skin needlerom u dublji sloj ko\u017ee. Time se dobiva intenzivnija hidratacija i regeneracija ko\u017ee, a proces starenja zna\u010dajno usporava. Tretmani su visoko individualizirani, \u0161to zna\u010di da se uzimaju u obzir \u017eelje klijenta, a za efekt koji se \u017eeli posti\u0107i, biraju se i [&hellip;]<\/p>\n","protected":false},"author":1,"featured_media":0,"parent":0,"menu_order":0,"comment_status":"closed","ping_status":"closed","template":"","meta":{"footnotes":""},"class_list":["post-940","page","type-page","status-publish","hentry"],"_links":{"self":[{"href":"https:\/\/maarlas.cyor24.business\/index.php\/wp-json\/wp\/v2\/pages\/940","targetHints":{"allow":["GET"]}}],"collection":[{"href":"https:\/\/maarlas.cyor24.business\/index.php\/wp-json\/wp\/v2\/pages"}],"about":[{"href":"https:\/\/maarlas.cyor24.business\/index.php\/wp-json\/wp\/v2\/types\/page"}],"author":[{"embeddable":true,"href":"https:\/\/maarlas.cyor24.business\/index.php\/wp-json\/wp\/v2\/users\/1"}],"replies":[{"embeddable":true,"href":"https:\/\/maarlas.cyor24.business\/index.php\/wp-json\/wp\/v2\/comments?post=940"}],"version-history":[{"count":0,"href":"https:\/\/maarlas.cyor24.business\/index.php\/wp-json\/wp\/v2\/pages\/940\/revisions"}],"wp:attachment":[{"href":"https:\/\/maarlas.cyor24.business\/index.php\/wp-json\/wp\/v2\/media?parent=940"}],"curies":[{"name":"wp","href":"https:\/\/api.w.org\/{rel}","templated":true}]}}