{"id":95,"date":"2017-09-16T16:55:03","date_gmt":"2017-09-16T14:55:03","guid":{"rendered":"http:\/\/maarlas.ba\/?page_id=95"},"modified":"2017-09-16T16:55:03","modified_gmt":"2017-09-16T14:55:03","slug":"kontakt","status":"publish","type":"page","link":"https:\/\/maarlas.cyor24.business\/index.php\/kontakt\/","title":{"rendered":"Kontakt"},"content":{"rendered":"<p><strong>Maarlas Spa &amp; Beauty centar<\/strong> nalazi se na zanimljivoj lokaciji izme\u0111u Sarajeva i Ilid\u017ee, okru\u017een zelenilom i pristupa\u010dan kako za one koji dolaze iz centra grada tako i za one s Ilid\u017ee. Za posjetioce iz drugih gradova bitno je ista\u0107i da se nalazimo pri ulazu u grad te ne morate gubiti vrijeme na gradske gu\u017eve i tra\u017eenje parkinga koji Vam je kod nas svakako obezbije\u0111en.<\/p>\n<p><strong>Telefon:<\/strong> +387 33 624 759<br \/>\n<strong>Mobitel:<\/strong> +387 61 487 167<br \/>\n<strong>Email:<\/strong> info@maarlas.ba<\/p>\n<p><strong>Radno vrijeme:<\/strong> Pon &#8211; Pet 12:00 &#8211; 20:00<br \/>\n<strong>Subota:<\/strong> 10:00 &#8211; 16:00, <strong>Nedjelja<\/strong> je neradni dan<\/p>\n<p><strong>Adresa:<\/strong> Bojni\u010dka 201, 71210 Ilid\u017ea, Bosna i Hercegovina<br \/>\n<strong>Web:<\/strong> www.maarlas.ba<\/p>\n","protected":false},"excerpt":{"rendered":"<p>Maarlas Spa &amp; Beauty centar nalazi se na zanimljivoj lokaciji izme\u0111u Sarajeva i Ilid\u017ee, okru\u017een zelenilom i pristupa\u010dan kako za one koji dolaze iz centra grada tako i za one s Ilid\u017ee. Za posjetioce iz drugih gradova bitno je ista\u0107i da se nalazimo pri ulazu u grad te ne morate gubiti vrijeme na gradske gu\u017eve [&hellip;]<\/p>\n","protected":false},"author":1,"featured_media":0,"parent":0,"menu_order":0,"comment_status":"closed","ping_status":"closed","template":"page-kontakt.php","meta":{"footnotes":""},"class_list":["post-95","page","type-page","status-publish","hentry"],"_links":{"self":[{"href":"https:\/\/maarlas.cyor24.business\/index.php\/wp-json\/wp\/v2\/pages\/95","targetHints":{"allow":["GET"]}}],"collection":[{"href":"https:\/\/maarlas.cyor24.business\/index.php\/wp-json\/wp\/v2\/pages"}],"about":[{"href":"https:\/\/maarlas.cyor24.business\/index.php\/wp-json\/wp\/v2\/types\/page"}],"author":[{"embeddable":true,"href":"https:\/\/maarlas.cyor24.business\/index.php\/wp-json\/wp\/v2\/users\/1"}],"replies":[{"embeddable":true,"href":"https:\/\/maarlas.cyor24.business\/index.php\/wp-json\/wp\/v2\/comments?post=95"}],"version-history":[{"count":0,"href":"https:\/\/maarlas.cyor24.business\/index.php\/wp-json\/wp\/v2\/pages\/95\/revisions"}],"wp:attachment":[{"href":"https:\/\/maarlas.cyor24.business\/index.php\/wp-json\/wp\/v2\/media?parent=95"}],"curies":[{"name":"wp","href":"https:\/\/api.w.org\/{rel}","templated":true}]}}