{"id":950,"date":"2022-02-18T18:25:59","date_gmt":"2022-02-18T17:25:59","guid":{"rendered":"http:\/\/maarlas.ba\/?page_id=950"},"modified":"2022-02-18T18:25:59","modified_gmt":"2022-02-18T17:25:59","slug":"mesoestetic","status":"publish","type":"page","link":"https:\/\/maarlas.cyor24.business\/index.php\/mesoestetic\/","title":{"rendered":"Mesoestetic"},"content":{"rendered":"<div class=\"col-md-6\" style=\"float: left; margin-top: 15px;\">\n<p>Mesoestetic je globalni lider u sektoru medicinske kozmetike i estetske medicine. Farmaceustska ku\u0107a osnovana je u \u0160paniji 1984. godine. Predstavlja lidera kako za preparate za dermatologe, tako i za profesionalne salone i za ku\u0107nu upotrebu u vi\u0161e od 80 dr\u017eava u svijetu.<\/p>\n<p>Eksperti su posebno za hemijske pilinge i mezokoktele. Zahvaljuju\u0107i stalnim naporima koje ula\u017ee u istra\u017eivanje, razvoj i inovacije, kao i strogim sigurnosnim protokolima koje koristi, Mesoestetic je postavio najvi\u0161e standarde u medicinsko-estetskom sektoru.<\/p>\n<\/div>\n<div class=\"col-md-6\" style=\"float: left;\"><img decoding=\"async\" style=\"margin-bottom: 10px;\" src=\"https:\/\/maarlas.cyor24.business\/wp-content\/uploads\/2022\/02\/mesoestetic-1.jpg\" width=\"100%\" \/><\/div>\n","protected":false},"excerpt":{"rendered":"<p>Mesoestetic je globalni lider u sektoru medicinske kozmetike i estetske medicine. Farmaceustska ku\u0107a osnovana je u \u0160paniji 1984. godine. Predstavlja lidera kako za preparate za dermatologe, tako i za profesionalne salone i za ku\u0107nu upotrebu u vi\u0161e od 80 dr\u017eava u svijetu. Eksperti su posebno za hemijske pilinge i mezokoktele. Zahvaljuju\u0107i stalnim naporima koje ula\u017ee [&hellip;]<\/p>\n","protected":false},"author":1,"featured_media":949,"parent":0,"menu_order":0,"comment_status":"closed","ping_status":"closed","template":"","meta":{"footnotes":""},"class_list":["post-950","page","type-page","status-publish","has-post-thumbnail","hentry"],"_links":{"self":[{"href":"https:\/\/maarlas.cyor24.business\/index.php\/wp-json\/wp\/v2\/pages\/950","targetHints":{"allow":["GET"]}}],"collection":[{"href":"https:\/\/maarlas.cyor24.business\/index.php\/wp-json\/wp\/v2\/pages"}],"about":[{"href":"https:\/\/maarlas.cyor24.business\/index.php\/wp-json\/wp\/v2\/types\/page"}],"author":[{"embeddable":true,"href":"https:\/\/maarlas.cyor24.business\/index.php\/wp-json\/wp\/v2\/users\/1"}],"replies":[{"embeddable":true,"href":"https:\/\/maarlas.cyor24.business\/index.php\/wp-json\/wp\/v2\/comments?post=950"}],"version-history":[{"count":0,"href":"https:\/\/maarlas.cyor24.business\/index.php\/wp-json\/wp\/v2\/pages\/950\/revisions"}],"wp:featuredmedia":[{"embeddable":true,"href":"https:\/\/maarlas.cyor24.business\/index.php\/wp-json\/wp\/v2\/media\/949"}],"wp:attachment":[{"href":"https:\/\/maarlas.cyor24.business\/index.php\/wp-json\/wp\/v2\/media?parent=950"}],"curies":[{"name":"wp","href":"https:\/\/api.w.org\/{rel}","templated":true}]}}