{"id":955,"date":"2022-02-18T18:30:47","date_gmt":"2022-02-18T17:30:47","guid":{"rendered":"http:\/\/maarlas.ba\/?page_id=955"},"modified":"2022-02-18T18:30:47","modified_gmt":"2022-02-18T17:30:47","slug":"revitacare","status":"publish","type":"page","link":"https:\/\/maarlas.cyor24.business\/index.php\/revitacare\/","title":{"rendered":"Revitacare"},"content":{"rendered":"<div class=\"col-md-6\" style=\"float: left; margin-top: 15px;\">\n<p><strong>Revitacare<\/strong> je renomirani francuski brend sa tradicijom od 30 godina. Proizvodi mezoterapijske koktele optimalno izbalanasirane da daju izuzetne efekte u revitalizaciji ko\u017ee. Ova kompanija je prva dobila CE oznaku za koktele na bazi hijaluronske kiseline. Imaju nekoliko linija a mi Vam nudimo najbolju: CytoCare. Ovi kokteli direktno popunjavaju bore, i preveniraju nastanak novih. <\/p>\n<p>Starosna granica je od 20 godina, medjutim, postoje tri intervala. Za mladju ko\u017eu, od 20-35 godina koristi se manja koli\u010dina hijaluronske kiseline (2 mg). Od 35-45 godina 16 mg, a od 45 godina, na dalje, ide 32 mg. Posebno se treba ista\u0107i \u201cfiler\u201d sa 72 mg hijaluronske kiseline. Osim nje, u svakoj formuli su vitamini, minerali i aminokiseline, peptidi.<\/p>\n<\/div>\n<div class=\"col-md-6\" style=\"float: left;\"><img decoding=\"async\" style=\"margin-bottom: 10px;\" src=\"https:\/\/maarlas.cyor24.business\/wp-content\/uploads\/2022\/02\/revitacare-1.jpg\" width=\"100%\" \/><\/div>\n","protected":false},"excerpt":{"rendered":"<p>Revitacare je renomirani francuski brend sa tradicijom od 30 godina. Proizvodi mezoterapijske koktele optimalno izbalanasirane da daju izuzetne efekte u revitalizaciji ko\u017ee. Ova kompanija je prva dobila CE oznaku za koktele na bazi hijaluronske kiseline. Imaju nekoliko linija a mi Vam nudimo najbolju: CytoCare. Ovi kokteli direktno popunjavaju bore, i preveniraju nastanak novih. Starosna granica [&hellip;]<\/p>\n","protected":false},"author":1,"featured_media":0,"parent":0,"menu_order":0,"comment_status":"closed","ping_status":"closed","template":"","meta":{"footnotes":""},"class_list":["post-955","page","type-page","status-publish","hentry"],"_links":{"self":[{"href":"https:\/\/maarlas.cyor24.business\/index.php\/wp-json\/wp\/v2\/pages\/955","targetHints":{"allow":["GET"]}}],"collection":[{"href":"https:\/\/maarlas.cyor24.business\/index.php\/wp-json\/wp\/v2\/pages"}],"about":[{"href":"https:\/\/maarlas.cyor24.business\/index.php\/wp-json\/wp\/v2\/types\/page"}],"author":[{"embeddable":true,"href":"https:\/\/maarlas.cyor24.business\/index.php\/wp-json\/wp\/v2\/users\/1"}],"replies":[{"embeddable":true,"href":"https:\/\/maarlas.cyor24.business\/index.php\/wp-json\/wp\/v2\/comments?post=955"}],"version-history":[{"count":0,"href":"https:\/\/maarlas.cyor24.business\/index.php\/wp-json\/wp\/v2\/pages\/955\/revisions"}],"wp:attachment":[{"href":"https:\/\/maarlas.cyor24.business\/index.php\/wp-json\/wp\/v2\/media?parent=955"}],"curies":[{"name":"wp","href":"https:\/\/api.w.org\/{rel}","templated":true}]}}